{"id":70,"date":"2022-02-15T15:55:01","date_gmt":"2022-02-15T15:55:01","guid":{"rendered":"https:\/\/www.bdle.at\/~vanessa.prattes\/KFZ%20Thomann%20Michael\/wordpress-5.8.3\/wordpress\/?page_id=70"},"modified":"2022-05-17T18:28:36","modified_gmt":"2022-05-17T16:28:36","slug":"reparatur-und-versicherung","status":"publish","type":"page","link":"https:\/\/www.kfz-thomann.at\/index.php\/unser-angebot\/reparatur-und-versicherung\/","title":{"rendered":"Reparatur und Versicherung"},"content":{"rendered":"\n    \n    <section class=\"u-clearfix u-grey-10 u-section-2\" id=\"sec-13e9\">\n      <div class=\"u-clearfix u-sheet u-sheet-1\">\n        <img decoding=\"async\" class=\"u-align-left u-image u-image-1\" data-image-width=\"2560\" data-image-height=\"1702\" src=\"https:\/\/www.kfz-thomann.at\/wp-content\/uploads\/2022\/02\/Foto-6-scaled.jpg\">\n        <div class=\"u-align-left u-border-3 u-border-grey-30 u-container-style u-group u-white u-group-1\">\n          <div class=\"u-container-layout u-valign-top u-container-layout-1\">\n            <h2 class=\"u-custom-font u-font-montserrat u-text u-text-1\"> Reparaturen und Versicherungs -<br>abwicklung\n            <\/h2>\n            <p class=\"u-custom-font u-font-montserrat u-text u-text-2\">Nach Ihrer Schadensmeldung fordern wir einen Sachverst\u00e4ndiger f\u00fcr die Begutachtung. Dort wird das Fahrzeug bei uns besichtigt und dokumentiert.<br>Wir k\u00fcmmern uns gerne um die Abwicklung und Schadensreparatur Ihres Fahrzeuges.<br>\n              <br>Au\u00dferdem verrechnen wir die Kosten bei Versicherungsanspruch direkt mit der Versicherung.\n            <\/p>\n          <\/div>\n        <\/div>\n      <\/div>\n    <\/section>\n    \n    \n    \n  \n","protected":false},"excerpt":{"rendered":"<p>Reparaturen und Versicherungs -abwicklung Nach Ihrer Schadensmeldung fordern wir einen Sachverst\u00e4ndiger f\u00fcr die Begutachtung. Dort wird das Fahrzeug bei uns besichtigt und dokumentiert.Wir k\u00fcmmern uns gerne um die Abwicklung und Schadensreparatur Ihres Fahrzeuges. Au\u00dferdem verrechnen wir die Kosten bei Versicherungsanspruch direkt mit der Versicherung.<\/p>\n","protected":false},"author":1,"featured_media":0,"parent":37,"menu_order":4,"comment_status":"closed","ping_status":"closed","template":"","meta":{"footnotes":""},"class_list":["post-70","page","type-page","status-publish","hentry"],"yoast_head":"<!-- This site is optimized with the Yoast SEO plugin v18.2 - https:\/\/yoast.com\/wordpress\/plugins\/seo\/ -->\n<title>Reparatur und Versicherung - KFZ Thomann Michael<\/title>\n<meta name=\"robots\" content=\"noindex, follow, max-snippet:-1, max-image-preview:large, max-video-preview:-1\" \/>\n<meta property=\"og:locale\" content=\"en_US\" \/>\n<meta property=\"og:type\" content=\"article\" \/>\n<meta property=\"og:title\" content=\"Reparatur und Versicherung - KFZ Thomann Michael\" \/>\n<meta property=\"og:description\" content=\"Reparaturen und Versicherungs -abwicklung Nach Ihrer Schadensmeldung fordern wir einen Sachverst\u00e4ndiger f\u00fcr die Begutachtung. Dort wird das Fahrzeug bei uns besichtigt und dokumentiert.Wir k\u00fcmmern uns gerne um die Abwicklung und Schadensreparatur Ihres Fahrzeuges. Au\u00dferdem verrechnen wir die Kosten bei Versicherungsanspruch direkt mit der Versicherung.\" \/>\n<meta property=\"og:url\" content=\"https:\/\/www.kfz-thomann.at\/index.php\/unser-angebot\/reparatur-und-versicherung\/\" \/>\n<meta property=\"og:site_name\" content=\"KFZ Thomann Michael\" \/>\n<meta property=\"article:modified_time\" content=\"2022-05-17T16:28:36+00:00\" \/>\n<meta name=\"twitter:card\" content=\"summary_large_image\" \/>\n<script type=\"application\/ld+json\" class=\"yoast-schema-graph\">{\"@context\":\"https:\/\/schema.org\",\"@graph\":[{\"@type\":\"Organization\",\"@id\":\"https:\/\/www.kfz-thomann.at\/#organization\",\"name\":\"KFZ Thomann Michael\",\"url\":\"https:\/\/www.kfz-thomann.at\/\",\"sameAs\":[],\"logo\":{\"@type\":\"ImageObject\",\"@id\":\"https:\/\/www.kfz-thomann.at\/#logo\",\"inLanguage\":\"en-US\",\"url\":\"https:\/\/www.kfz-thomann.at\/wp-content\/uploads\/2022\/02\/logo-neu.png\",\"contentUrl\":\"https:\/\/www.kfz-thomann.at\/wp-content\/uploads\/2022\/02\/logo-neu.png\",\"width\":2384,\"height\":844,\"caption\":\"KFZ Thomann Michael\"},\"image\":{\"@id\":\"https:\/\/www.kfz-thomann.at\/#logo\"}},{\"@type\":\"WebSite\",\"@id\":\"https:\/\/www.kfz-thomann.at\/#website\",\"url\":\"https:\/\/www.kfz-thomann.at\/\",\"name\":\"KFZ Thomann Michael\",\"description\":\"Meisterwerkst\u00e4tte\",\"publisher\":{\"@id\":\"https:\/\/www.kfz-thomann.at\/#organization\"},\"potentialAction\":[{\"@type\":\"SearchAction\",\"target\":{\"@type\":\"EntryPoint\",\"urlTemplate\":\"https:\/\/www.kfz-thomann.at\/?s={search_term_string}\"},\"query-input\":\"required name=search_term_string\"}],\"inLanguage\":\"en-US\"},{\"@type\":\"WebPage\",\"@id\":\"https:\/\/www.kfz-thomann.at\/index.php\/unser-angebot\/reparatur-und-versicherung\/#webpage\",\"url\":\"https:\/\/www.kfz-thomann.at\/index.php\/unser-angebot\/reparatur-und-versicherung\/\",\"name\":\"Reparatur und Versicherung - KFZ Thomann Michael\",\"isPartOf\":{\"@id\":\"https:\/\/www.kfz-thomann.at\/#website\"},\"datePublished\":\"2022-02-15T15:55:01+00:00\",\"dateModified\":\"2022-05-17T16:28:36+00:00\",\"breadcrumb\":{\"@id\":\"https:\/\/www.kfz-thomann.at\/index.php\/unser-angebot\/reparatur-und-versicherung\/#breadcrumb\"},\"inLanguage\":\"en-US\",\"potentialAction\":[{\"@type\":\"ReadAction\",\"target\":[\"https:\/\/www.kfz-thomann.at\/index.php\/unser-angebot\/reparatur-und-versicherung\/\"]}]},{\"@type\":\"BreadcrumbList\",\"@id\":\"https:\/\/www.kfz-thomann.at\/index.php\/unser-angebot\/reparatur-und-versicherung\/#breadcrumb\",\"itemListElement\":[{\"@type\":\"ListItem\",\"position\":1,\"name\":\"Home\",\"item\":\"https:\/\/www.kfz-thomann.at\/\"},{\"@type\":\"ListItem\",\"position\":2,\"name\":\"Unser Angebot\",\"item\":\"https:\/\/www.kfz-thomann.at\/index.php\/unser-angebot\/\"},{\"@type\":\"ListItem\",\"position\":3,\"name\":\"Reparatur und Versicherung\"}]}]}<\/script>\n<!-- \/ Yoast SEO plugin. -->","yoast_head_json":{"title":"Reparatur und Versicherung - KFZ Thomann Michael","robots":{"index":"noindex","follow":"follow","max-snippet":"max-snippet:-1","max-image-preview":"max-image-preview:large","max-video-preview":"max-video-preview:-1"},"og_locale":"en_US","og_type":"article","og_title":"Reparatur und Versicherung - KFZ Thomann Michael","og_description":"Reparaturen und Versicherungs -abwicklung Nach Ihrer Schadensmeldung fordern wir einen Sachverst\u00e4ndiger f\u00fcr die Begutachtung. Dort wird das Fahrzeug bei uns besichtigt und dokumentiert.Wir k\u00fcmmern uns gerne um die Abwicklung und Schadensreparatur Ihres Fahrzeuges. Au\u00dferdem verrechnen wir die Kosten bei Versicherungsanspruch direkt mit der Versicherung.","og_url":"https:\/\/www.kfz-thomann.at\/index.php\/unser-angebot\/reparatur-und-versicherung\/","og_site_name":"KFZ Thomann Michael","article_modified_time":"2022-05-17T16:28:36+00:00","twitter_card":"summary_large_image","schema":{"@context":"https:\/\/schema.org","@graph":[{"@type":"Organization","@id":"https:\/\/www.kfz-thomann.at\/#organization","name":"KFZ Thomann Michael","url":"https:\/\/www.kfz-thomann.at\/","sameAs":[],"logo":{"@type":"ImageObject","@id":"https:\/\/www.kfz-thomann.at\/#logo","inLanguage":"en-US","url":"https:\/\/www.kfz-thomann.at\/wp-content\/uploads\/2022\/02\/logo-neu.png","contentUrl":"https:\/\/www.kfz-thomann.at\/wp-content\/uploads\/2022\/02\/logo-neu.png","width":2384,"height":844,"caption":"KFZ Thomann Michael"},"image":{"@id":"https:\/\/www.kfz-thomann.at\/#logo"}},{"@type":"WebSite","@id":"https:\/\/www.kfz-thomann.at\/#website","url":"https:\/\/www.kfz-thomann.at\/","name":"KFZ Thomann Michael","description":"Meisterwerkst\u00e4tte","publisher":{"@id":"https:\/\/www.kfz-thomann.at\/#organization"},"potentialAction":[{"@type":"SearchAction","target":{"@type":"EntryPoint","urlTemplate":"https:\/\/www.kfz-thomann.at\/?s={search_term_string}"},"query-input":"required name=search_term_string"}],"inLanguage":"en-US"},{"@type":"WebPage","@id":"https:\/\/www.kfz-thomann.at\/index.php\/unser-angebot\/reparatur-und-versicherung\/#webpage","url":"https:\/\/www.kfz-thomann.at\/index.php\/unser-angebot\/reparatur-und-versicherung\/","name":"Reparatur und Versicherung - KFZ Thomann Michael","isPartOf":{"@id":"https:\/\/www.kfz-thomann.at\/#website"},"datePublished":"2022-02-15T15:55:01+00:00","dateModified":"2022-05-17T16:28:36+00:00","breadcrumb":{"@id":"https:\/\/www.kfz-thomann.at\/index.php\/unser-angebot\/reparatur-und-versicherung\/#breadcrumb"},"inLanguage":"en-US","potentialAction":[{"@type":"ReadAction","target":["https:\/\/www.kfz-thomann.at\/index.php\/unser-angebot\/reparatur-und-versicherung\/"]}]},{"@type":"BreadcrumbList","@id":"https:\/\/www.kfz-thomann.at\/index.php\/unser-angebot\/reparatur-und-versicherung\/#breadcrumb","itemListElement":[{"@type":"ListItem","position":1,"name":"Home","item":"https:\/\/www.kfz-thomann.at\/"},{"@type":"ListItem","position":2,"name":"Unser Angebot","item":"https:\/\/www.kfz-thomann.at\/index.php\/unser-angebot\/"},{"@type":"ListItem","position":3,"name":"Reparatur und Versicherung"}]}]}},"_links":{"self":[{"href":"https:\/\/www.kfz-thomann.at\/index.php\/wp-json\/wp\/v2\/pages\/70","targetHints":{"allow":["GET"]}}],"collection":[{"href":"https:\/\/www.kfz-thomann.at\/index.php\/wp-json\/wp\/v2\/pages"}],"about":[{"href":"https:\/\/www.kfz-thomann.at\/index.php\/wp-json\/wp\/v2\/types\/page"}],"author":[{"embeddable":true,"href":"https:\/\/www.kfz-thomann.at\/index.php\/wp-json\/wp\/v2\/users\/1"}],"replies":[{"embeddable":true,"href":"https:\/\/www.kfz-thomann.at\/index.php\/wp-json\/wp\/v2\/comments?post=70"}],"version-history":[{"count":4,"href":"https:\/\/www.kfz-thomann.at\/index.php\/wp-json\/wp\/v2\/pages\/70\/revisions"}],"predecessor-version":[{"id":458,"href":"https:\/\/www.kfz-thomann.at\/index.php\/wp-json\/wp\/v2\/pages\/70\/revisions\/458"}],"up":[{"embeddable":true,"href":"https:\/\/www.kfz-thomann.at\/index.php\/wp-json\/wp\/v2\/pages\/37"}],"wp:attachment":[{"href":"https:\/\/www.kfz-thomann.at\/index.php\/wp-json\/wp\/v2\/media?parent=70"}],"curies":[{"name":"wp","href":"https:\/\/api.w.org\/{rel}","templated":true}]}}