{"id":68,"date":"2022-02-15T15:54:30","date_gmt":"2022-02-15T15:54:30","guid":{"rendered":"https:\/\/www.bdle.at\/~vanessa.prattes\/KFZ%20Thomann%20Michael\/wordpress-5.8.3\/wordpress\/?page_id=68"},"modified":"2022-05-17T18:24:06","modified_gmt":"2022-05-17T16:24:06","slug":"klimaservice","status":"publish","type":"page","link":"https:\/\/www.kfz-thomann.at\/index.php\/unser-angebot\/klimaservice\/","title":{"rendered":"Klimaservice"},"content":{"rendered":"\n    \n    <section class=\"u-clearfix u-grey-10 u-section-2\" id=\"sec-7139\">\n      <div class=\"u-clearfix u-sheet u-sheet-1\">\n        <img decoding=\"async\" class=\"u-align-left u-image u-image-1\" data-image-width=\"2560\" data-image-height=\"1707\" src=\"https:\/\/www.kfz-thomann.at\/wp-content\/uploads\/2022\/02\/Foto-20-scaled.jpg\">\n        <div class=\"u-align-left u-border-3 u-border-grey-30 u-container-style u-group u-white u-group-1\">\n          <div class=\"u-container-layout u-container-layout-1\">\n            <h2 class=\"u-custom-font u-font-montserrat u-text u-text-1\">Klimaservice<\/h2>\n            <p class=\"u-custom-font u-font-montserrat u-text u-text-2\"> Wir reinigen und desinfizieren Ihre Klimaanlage, f\u00fcllen K\u00fchlmittel nach und warten die Schl\u00fcsselkomponenten, wie beispielsweise Kompressor, Kondensator, Verdampfer und Expansionsventil.<\/p>\n          <\/div>\n        <\/div>\n      <\/div>\n    <\/section>\n    \n    \n    \n  \n","protected":false},"excerpt":{"rendered":"<p>Klimaservice Wir reinigen und desinfizieren Ihre Klimaanlage, f\u00fcllen K\u00fchlmittel nach und warten die Schl\u00fcsselkomponenten, wie beispielsweise Kompressor, Kondensator, Verdampfer und Expansionsventil.<\/p>\n","protected":false},"author":1,"featured_media":0,"parent":37,"menu_order":3,"comment_status":"closed","ping_status":"closed","template":"","meta":{"footnotes":""},"class_list":["post-68","page","type-page","status-publish","hentry"],"yoast_head":"<!-- This site is optimized with the Yoast SEO plugin v18.2 - https:\/\/yoast.com\/wordpress\/plugins\/seo\/ -->\n<title>Klimaservice - KFZ Thomann Michael<\/title>\n<meta name=\"robots\" content=\"noindex, follow, max-snippet:-1, max-image-preview:large, max-video-preview:-1\" \/>\n<meta property=\"og:locale\" content=\"en_US\" \/>\n<meta property=\"og:type\" content=\"article\" \/>\n<meta property=\"og:title\" content=\"Klimaservice - KFZ Thomann Michael\" \/>\n<meta property=\"og:description\" content=\"Klimaservice Wir reinigen und desinfizieren Ihre Klimaanlage, f\u00fcllen K\u00fchlmittel nach und warten die Schl\u00fcsselkomponenten, wie beispielsweise Kompressor, Kondensator, Verdampfer und Expansionsventil.\" \/>\n<meta property=\"og:url\" content=\"https:\/\/www.kfz-thomann.at\/index.php\/unser-angebot\/klimaservice\/\" \/>\n<meta property=\"og:site_name\" content=\"KFZ Thomann Michael\" \/>\n<meta property=\"article:modified_time\" content=\"2022-05-17T16:24:06+00:00\" \/>\n<meta name=\"twitter:card\" content=\"summary_large_image\" \/>\n<script type=\"application\/ld+json\" class=\"yoast-schema-graph\">{\"@context\":\"https:\/\/schema.org\",\"@graph\":[{\"@type\":\"Organization\",\"@id\":\"https:\/\/www.kfz-thomann.at\/#organization\",\"name\":\"KFZ Thomann Michael\",\"url\":\"https:\/\/www.kfz-thomann.at\/\",\"sameAs\":[],\"logo\":{\"@type\":\"ImageObject\",\"@id\":\"https:\/\/www.kfz-thomann.at\/#logo\",\"inLanguage\":\"en-US\",\"url\":\"https:\/\/www.kfz-thomann.at\/wp-content\/uploads\/2022\/02\/logo-neu.png\",\"contentUrl\":\"https:\/\/www.kfz-thomann.at\/wp-content\/uploads\/2022\/02\/logo-neu.png\",\"width\":2384,\"height\":844,\"caption\":\"KFZ Thomann Michael\"},\"image\":{\"@id\":\"https:\/\/www.kfz-thomann.at\/#logo\"}},{\"@type\":\"WebSite\",\"@id\":\"https:\/\/www.kfz-thomann.at\/#website\",\"url\":\"https:\/\/www.kfz-thomann.at\/\",\"name\":\"KFZ Thomann Michael\",\"description\":\"Meisterwerkst\u00e4tte\",\"publisher\":{\"@id\":\"https:\/\/www.kfz-thomann.at\/#organization\"},\"potentialAction\":[{\"@type\":\"SearchAction\",\"target\":{\"@type\":\"EntryPoint\",\"urlTemplate\":\"https:\/\/www.kfz-thomann.at\/?s={search_term_string}\"},\"query-input\":\"required name=search_term_string\"}],\"inLanguage\":\"en-US\"},{\"@type\":\"WebPage\",\"@id\":\"https:\/\/www.kfz-thomann.at\/index.php\/unser-angebot\/klimaservice\/#webpage\",\"url\":\"https:\/\/www.kfz-thomann.at\/index.php\/unser-angebot\/klimaservice\/\",\"name\":\"Klimaservice - KFZ Thomann Michael\",\"isPartOf\":{\"@id\":\"https:\/\/www.kfz-thomann.at\/#website\"},\"datePublished\":\"2022-02-15T15:54:30+00:00\",\"dateModified\":\"2022-05-17T16:24:06+00:00\",\"breadcrumb\":{\"@id\":\"https:\/\/www.kfz-thomann.at\/index.php\/unser-angebot\/klimaservice\/#breadcrumb\"},\"inLanguage\":\"en-US\",\"potentialAction\":[{\"@type\":\"ReadAction\",\"target\":[\"https:\/\/www.kfz-thomann.at\/index.php\/unser-angebot\/klimaservice\/\"]}]},{\"@type\":\"BreadcrumbList\",\"@id\":\"https:\/\/www.kfz-thomann.at\/index.php\/unser-angebot\/klimaservice\/#breadcrumb\",\"itemListElement\":[{\"@type\":\"ListItem\",\"position\":1,\"name\":\"Home\",\"item\":\"https:\/\/www.kfz-thomann.at\/\"},{\"@type\":\"ListItem\",\"position\":2,\"name\":\"Unser Angebot\",\"item\":\"https:\/\/www.kfz-thomann.at\/index.php\/unser-angebot\/\"},{\"@type\":\"ListItem\",\"position\":3,\"name\":\"Klimaservice\"}]}]}<\/script>\n<!-- \/ Yoast SEO plugin. -->","yoast_head_json":{"title":"Klimaservice - KFZ Thomann Michael","robots":{"index":"noindex","follow":"follow","max-snippet":"max-snippet:-1","max-image-preview":"max-image-preview:large","max-video-preview":"max-video-preview:-1"},"og_locale":"en_US","og_type":"article","og_title":"Klimaservice - KFZ Thomann Michael","og_description":"Klimaservice Wir reinigen und desinfizieren Ihre Klimaanlage, f\u00fcllen K\u00fchlmittel nach und warten die Schl\u00fcsselkomponenten, wie beispielsweise Kompressor, Kondensator, Verdampfer und Expansionsventil.","og_url":"https:\/\/www.kfz-thomann.at\/index.php\/unser-angebot\/klimaservice\/","og_site_name":"KFZ Thomann Michael","article_modified_time":"2022-05-17T16:24:06+00:00","twitter_card":"summary_large_image","schema":{"@context":"https:\/\/schema.org","@graph":[{"@type":"Organization","@id":"https:\/\/www.kfz-thomann.at\/#organization","name":"KFZ Thomann Michael","url":"https:\/\/www.kfz-thomann.at\/","sameAs":[],"logo":{"@type":"ImageObject","@id":"https:\/\/www.kfz-thomann.at\/#logo","inLanguage":"en-US","url":"https:\/\/www.kfz-thomann.at\/wp-content\/uploads\/2022\/02\/logo-neu.png","contentUrl":"https:\/\/www.kfz-thomann.at\/wp-content\/uploads\/2022\/02\/logo-neu.png","width":2384,"height":844,"caption":"KFZ Thomann Michael"},"image":{"@id":"https:\/\/www.kfz-thomann.at\/#logo"}},{"@type":"WebSite","@id":"https:\/\/www.kfz-thomann.at\/#website","url":"https:\/\/www.kfz-thomann.at\/","name":"KFZ Thomann Michael","description":"Meisterwerkst\u00e4tte","publisher":{"@id":"https:\/\/www.kfz-thomann.at\/#organization"},"potentialAction":[{"@type":"SearchAction","target":{"@type":"EntryPoint","urlTemplate":"https:\/\/www.kfz-thomann.at\/?s={search_term_string}"},"query-input":"required name=search_term_string"}],"inLanguage":"en-US"},{"@type":"WebPage","@id":"https:\/\/www.kfz-thomann.at\/index.php\/unser-angebot\/klimaservice\/#webpage","url":"https:\/\/www.kfz-thomann.at\/index.php\/unser-angebot\/klimaservice\/","name":"Klimaservice - KFZ Thomann Michael","isPartOf":{"@id":"https:\/\/www.kfz-thomann.at\/#website"},"datePublished":"2022-02-15T15:54:30+00:00","dateModified":"2022-05-17T16:24:06+00:00","breadcrumb":{"@id":"https:\/\/www.kfz-thomann.at\/index.php\/unser-angebot\/klimaservice\/#breadcrumb"},"inLanguage":"en-US","potentialAction":[{"@type":"ReadAction","target":["https:\/\/www.kfz-thomann.at\/index.php\/unser-angebot\/klimaservice\/"]}]},{"@type":"BreadcrumbList","@id":"https:\/\/www.kfz-thomann.at\/index.php\/unser-angebot\/klimaservice\/#breadcrumb","itemListElement":[{"@type":"ListItem","position":1,"name":"Home","item":"https:\/\/www.kfz-thomann.at\/"},{"@type":"ListItem","position":2,"name":"Unser Angebot","item":"https:\/\/www.kfz-thomann.at\/index.php\/unser-angebot\/"},{"@type":"ListItem","position":3,"name":"Klimaservice"}]}]}},"_links":{"self":[{"href":"https:\/\/www.kfz-thomann.at\/index.php\/wp-json\/wp\/v2\/pages\/68","targetHints":{"allow":["GET"]}}],"collection":[{"href":"https:\/\/www.kfz-thomann.at\/index.php\/wp-json\/wp\/v2\/pages"}],"about":[{"href":"https:\/\/www.kfz-thomann.at\/index.php\/wp-json\/wp\/v2\/types\/page"}],"author":[{"embeddable":true,"href":"https:\/\/www.kfz-thomann.at\/index.php\/wp-json\/wp\/v2\/users\/1"}],"replies":[{"embeddable":true,"href":"https:\/\/www.kfz-thomann.at\/index.php\/wp-json\/wp\/v2\/comments?post=68"}],"version-history":[{"count":2,"href":"https:\/\/www.kfz-thomann.at\/index.php\/wp-json\/wp\/v2\/pages\/68\/revisions"}],"predecessor-version":[{"id":158,"href":"https:\/\/www.kfz-thomann.at\/index.php\/wp-json\/wp\/v2\/pages\/68\/revisions\/158"}],"up":[{"embeddable":true,"href":"https:\/\/www.kfz-thomann.at\/index.php\/wp-json\/wp\/v2\/pages\/37"}],"wp:attachment":[{"href":"https:\/\/www.kfz-thomann.at\/index.php\/wp-json\/wp\/v2\/media?parent=68"}],"curies":[{"name":"wp","href":"https:\/\/api.w.org\/{rel}","templated":true}]}}